{"id":33,"date":"2019-04-01T13:49:31","date_gmt":"2019-04-01T13:49:31","guid":{"rendered":"https:\/\/demo.cocobasic.com\/pekko-wp\/?page_id=33"},"modified":"2025-06-01T12:28:17","modified_gmt":"2025-06-01T12:28:17","slug":"about","status":"publish","type":"page","link":"https:\/\/blowstudio.pl\/?page_id=33","title":{"rendered":"About"},"content":{"rendered":"\t\t<div data-elementor-type=\"wp-page\" data-elementor-id=\"33\" class=\"elementor elementor-33\">\n\t\t\t\t\t\t<section class=\"elementor-section elementor-top-section elementor-element elementor-element-ac44f1f elementor-section-full_width elementor-section-height-default elementor-section-height-default\" data-id=\"ac44f1f\" data-element_type=\"section\">\n\t\t\t\t\t\t<div class=\"elementor-container elementor-column-gap-no\">\n\t\t\t\t\t<div class=\"elementor-column elementor-col-100 elementor-top-column elementor-element elementor-element-9cee65e\" data-id=\"9cee65e\" data-element_type=\"column\">\n\t\t\t<div class=\"elementor-widget-wrap elementor-element-populated\">\n\t\t\t\t\t\t<div class=\"elementor-element elementor-element-4a4144f elementor-widget elementor-widget-heading\" data-id=\"4a4144f\" data-element_type=\"widget\" data-widget_type=\"heading.default\">\n\t\t\t\t<div class=\"elementor-widget-container\">\n\t\t\t\t\t<h1 class=\"elementor-heading-title elementor-size-default\">Witaj w miejscu, gdzie dobre pomys\u0142y dostaj\u0105 \u015bwietn\u0105 opraw\u0119 graficzn\u0105.<\/h1>\t\t\t\t<\/div>\n\t\t\t\t<\/div>\n\t\t\t\t\t<\/div>\n\t\t<\/div>\n\t\t\t\t\t<\/div>\n\t\t<\/section>\n\t\t\t\t<section class=\"elementor-section elementor-top-section elementor-element elementor-element-c15d3f9 elementor-section-full_width elementor-section-height-default elementor-section-height-default\" data-id=\"c15d3f9\" data-element_type=\"section\" data-settings=\"{&quot;animation&quot;:&quot;none&quot;}\">\n\t\t\t\t\t\t<div class=\"elementor-container elementor-column-gap-no\">\n\t\t\t\t\t<div class=\"elementor-column elementor-col-100 elementor-top-column elementor-element elementor-element-939a0b3\" data-id=\"939a0b3\" data-element_type=\"column\">\n\t\t\t<div class=\"elementor-widget-wrap elementor-element-populated\">\n\t\t\t\t\t\t<div class=\"elementor-element elementor-element-4d7b9a3 elementor-hidden-desktop elementor-hidden-tablet elementor-hidden-mobile elementor-widget elementor-widget-image\" data-id=\"4d7b9a3\" data-element_type=\"widget\" data-widget_type=\"image.default\">\n\t\t\t\t<div class=\"elementor-widget-container\">\n\t\t\t\t\t\t\t\t\t\t\t\t\t\t\t<img fetchpriority=\"high\" decoding=\"async\" width=\"1440\" height=\"700\" src=\"https:\/\/blowstudio.pl\/wp-content\/uploads\/2019\/04\/about_dark.jpg\" class=\"attachment-full size-full wp-image-36\" alt=\"\" srcset=\"https:\/\/blowstudio.pl\/wp-content\/uploads\/2019\/04\/about_dark.jpg 1440w, https:\/\/blowstudio.pl\/wp-content\/uploads\/2019\/04\/about_dark-300x146.jpg 300w, https:\/\/blowstudio.pl\/wp-content\/uploads\/2019\/04\/about_dark-1024x498.jpg 1024w, https:\/\/blowstudio.pl\/wp-content\/uploads\/2019\/04\/about_dark-768x373.jpg 768w\" sizes=\"(max-width: 1440px) 100vw, 1440px\" \/>\t\t\t\t\t\t\t\t\t\t\t\t\t\t\t<\/div>\n\t\t\t\t<\/div>\n\t\t\t\t\t<\/div>\n\t\t<\/div>\n\t\t\t\t\t<\/div>\n\t\t<\/section>\n\t\t\t\t<section class=\"elementor-section elementor-top-section elementor-element elementor-element-4c3851f elementor-section-full_width elementor-section-height-default elementor-section-height-default\" data-id=\"4c3851f\" data-element_type=\"section\">\n\t\t\t\t\t\t<div class=\"elementor-container elementor-column-gap-no\">\n\t\t\t\t\t<div class=\"elementor-column elementor-col-50 elementor-top-column elementor-element elementor-element-1da4cf3\" data-id=\"1da4cf3\" data-element_type=\"column\">\n\t\t\t<div class=\"elementor-widget-wrap elementor-element-populated\">\n\t\t\t\t\t\t<div class=\"elementor-element elementor-element-2d639ca elementor-widget elementor-widget-text-editor\" data-id=\"2d639ca\" data-element_type=\"widget\" data-widget_type=\"text-editor.default\">\n\t\t\t\t<div class=\"elementor-widget-container\">\n\t\t\t\t\t\t\t\t\t<p>Key visuale, packshoty, prezentacje, animacje 3D, materia\u0142y marketingowe. Tworzymy komunikacj\u0119 wizualn\u0105, kt\u00f3ra przyci\u0105ga wzrok i zapada w pami\u0119\u0107. Budujemy \u015bwiaty marek \u2013 estetycznie, sp\u00f3jnie, skutecznie.<\/p><p><span style=\"font-weight: 400;\">Dzia\u0142amy na styku designu i strategii. Lubimy konkret, dobr\u0105 energi\u0119 i partnerskie podej\u015bcie do wsp\u00f3\u0142pracy \u2013 niezale\u017cnie, czy pracujemy ze startupem, agencj\u0105 czy du\u017c\u0105 mark\u0105.<\/span><\/p><p><span style=\"font-weight: 400;\">Nie lubimy szablon\u00f3w \u2013 wolimy szuka\u0107 tego, co pasuje <\/span><b>w\u0142a\u015bnie do Ciebie<\/b><span style=\"font-weight: 400;\">.<\/span><\/p>\t\t\t\t\t\t\t\t<\/div>\n\t\t\t\t<\/div>\n\t\t<div class=\"elementor-element elementor-element-18407ad0 e-flex e-con-boxed e-con e-parent\" data-id=\"18407ad0\" data-element_type=\"container\">\n\t\t\t\t\t<div class=\"e-con-inner\">\n\t\t\t\t<div class=\"elementor-element elementor-element-7eee6b2 elementor-widget elementor-widget-heading\" data-id=\"7eee6b2\" data-element_type=\"widget\" data-widget_type=\"heading.default\">\n\t\t\t\t<div class=\"elementor-widget-container\">\n\t\t\t\t\t<span class=\"elementor-heading-title elementor-size-default\">Chcesz co\u015b fajnego?<\/span>\t\t\t\t<\/div>\n\t\t\t\t<\/div>\n\t\t\t\t<div class=\"elementor-element elementor-element-74f6bc01 elementor-align-justify elementor-widget elementor-widget-button\" data-id=\"74f6bc01\" data-element_type=\"widget\" data-widget_type=\"button.default\">\n\t\t\t\t<div class=\"elementor-widget-container\">\n\t\t\t\t\t\t\t\t\t<div class=\"elementor-button-wrapper\">\n\t\t\t\t\t<a class=\"elementor-button elementor-button-link elementor-size-sm\" href=\"https:\/\/blowstudio.pl\/?page_id=69\">\n\t\t\t\t\t\t<span class=\"elementor-button-content-wrapper\">\n\t\t\t\t\t\t\t\t\t<span class=\"elementor-button-text\">ODEZWIJ SI\u0118!<\/span>\n\t\t\t\t\t<\/span>\n\t\t\t\t\t<\/a>\n\t\t\t\t<\/div>\n\t\t\t\t\t\t\t\t<\/div>\n\t\t\t\t<\/div>\n\t\t\t\t\t<\/div>\n\t\t\t\t<\/div>\n\t\t\t\t\t<\/div>\n\t\t<\/div>\n\t\t\t\t<div class=\"elementor-column elementor-col-50 elementor-top-column elementor-element elementor-element-ad72d3a\" data-id=\"ad72d3a\" data-element_type=\"column\">\n\t\t\t<div class=\"elementor-widget-wrap elementor-element-populated\">\n\t\t\t\t\t\t<div class=\"elementor-element elementor-element-129dc62 elementor-widget elementor-widget-heading\" data-id=\"129dc62\" data-element_type=\"widget\" data-widget_type=\"heading.default\">\n\t\t\t\t<div class=\"elementor-widget-container\">\n\t\t\t\t\t<span class=\"elementor-heading-title elementor-size-default\">Statycznie czy w ruchu?<\/span>\t\t\t\t<\/div>\n\t\t\t\t<\/div>\n\t\t\t\t<div class=\"elementor-element elementor-element-87c2b82 elementor-widget elementor-widget-heading\" data-id=\"87c2b82\" data-element_type=\"widget\" data-widget_type=\"heading.default\">\n\t\t\t\t<div class=\"elementor-widget-container\">\n\t\t\t\t\t<span class=\"elementor-heading-title elementor-size-default\">Dostosujemy si\u0119 do Twoich potrzeb.<\/span>\t\t\t\t<\/div>\n\t\t\t\t<\/div>\n\t\t\t\t<div class=\"elementor-element elementor-element-de1e2a7 elementor-widget__width-initial elementor-widget elementor-widget-coco-timeline\" data-id=\"de1e2a7\" data-element_type=\"widget\" data-widget_type=\"coco-timeline.default\">\n\t\t\t\t<div class=\"elementor-widget-container\">\n\t\t\t\t\t<ul class=\"timeline-holder\">\n    \n                <li class=\"timeline-event\">\n                    <span class=\"timeline-circle\"><\/span>\n                    <div class=\"timeline-event-content\"> Specjalizujemy si\u0119 w tworzeniu sp\u00f3jnych i przemy\u015blanych materia\u0142\u00f3w graficznych, kt\u00f3re wspieraj\u0105 komunikacj\u0119 marki. W naszej ofercie znajdziesz:\n<\/div>\n                    <div class=\"timeline-event-date\"><\/div>\n                <\/li>          \n            \n                <li class=\"timeline-event\">\n                    <span class=\"timeline-circle\"><\/span>\n                    <div class=\"timeline-event-content\">Packshoty i wizualizacje produkt\u00f3w oraz budowanie sceny na socialmedia \u2013 profesjonalne przedstawienie produktu, kt\u00f3re podkre\u015bla jego najwa\u017cniejsze cechy i wzmacnia sp\u00f3jno\u015b\u0107 wizualn\u0105 ca\u0142ej oferty.\n<\/div>\n                    <div class=\"timeline-event-date\"><\/div>\n                <\/li>          \n            \n                <li class=\"timeline-event\">\n                    <span class=\"timeline-circle\"><\/span>\n                    <div class=\"timeline-event-content\">Key visuale oraz grafiki do internetu \u2013 projekty dedykowane stronom internetowym, kampaniom i mediom spo\u0142eczno\u015bciowym. Estetyczne, funkcjonalne i zgodne z za\u0142o\u017ceniami brandingu.\n<\/div>\n                    <div class=\"timeline-event-date\"><\/div>\n                <\/li>          \n            \n                <li class=\"timeline-event\">\n                    <span class=\"timeline-circle\"><\/span>\n                    <div class=\"timeline-event-content\">Prezentacje \u2013 klasyczne i animowane \u2013 tworzone z my\u015bl\u0105 o celu i odbiorcy. Projektujemy prezentacje, kt\u00f3re skutecznie wspieraj\u0105 przekaz \u2013 zar\u00f3wno w komunikacji wewn\u0119trznej, jak i zewn\u0119trznej.\n<\/div>\n                    <div class=\"timeline-event-date\"><\/div>\n                <\/li>          \n             \n<\/ul>\n\n\t\t\t\t<\/div>\n\t\t\t\t<\/div>\n\t\t\t\t\t<\/div>\n\t\t<\/div>\n\t\t\t\t\t<\/div>\n\t\t<\/section>\n\t\t<div class=\"elementor-element elementor-element-489d54a e-flex e-con-boxed e-con e-parent\" data-id=\"489d54a\" data-element_type=\"container\">\n\t\t\t\t\t<div class=\"e-con-inner\">\n\t\t\t\t<div class=\"elementor-element elementor-element-2075d43 elementor-widget elementor-widget-text-editor\" data-id=\"2075d43\" data-element_type=\"widget\" data-widget_type=\"text-editor.default\">\n\t\t\t\t<div class=\"elementor-widget-container\">\n\t\t\t\t\t\t\t\t\t<p style=\"text-align: center;\">Zesp\u00f3\u0142 Blow Studio<br \/>Justyna, Kamil i Piotr<\/p>\t\t\t\t\t\t\t\t<\/div>\n\t\t\t\t<\/div>\n\t\t\t\t\t<\/div>\n\t\t\t\t<\/div>\n\t\t\t\t<\/div>\n\t\t","protected":false},"excerpt":{"rendered":"<p>Witaj w miejscu, gdzie dobre pomys\u0142y dostaj\u0105 \u015bwietn\u0105 opraw\u0119 graficzn\u0105. Key visuale, packshoty, prezentacje, animacje 3D, materia\u0142y marketingowe. Tworzymy komunikacj\u0119 wizualn\u0105, kt\u00f3ra przyci\u0105ga wzrok i zapada w pami\u0119\u0107. Budujemy \u015bwiaty marek \u2013 estetycznie, sp\u00f3jnie, skutecznie. Dzia\u0142amy na styku designu i strategii. Lubimy konkret, dobr\u0105 energi\u0119 i partnerskie podej\u015bcie do wsp\u00f3\u0142pracy \u2013 niezale\u017cnie, czy pracujemy ze [&hellip;]<\/p>\n","protected":false},"author":1,"featured_media":0,"parent":0,"menu_order":0,"comment_status":"closed","ping_status":"closed","template":"","meta":{"footnotes":""},"class_list":["post-33","page","type-page","status-publish","hentry"],"_links":{"self":[{"href":"https:\/\/blowstudio.pl\/index.php?rest_route=\/wp\/v2\/pages\/33","targetHints":{"allow":["GET"]}}],"collection":[{"href":"https:\/\/blowstudio.pl\/index.php?rest_route=\/wp\/v2\/pages"}],"about":[{"href":"https:\/\/blowstudio.pl\/index.php?rest_route=\/wp\/v2\/types\/page"}],"author":[{"embeddable":true,"href":"https:\/\/blowstudio.pl\/index.php?rest_route=\/wp\/v2\/users\/1"}],"replies":[{"embeddable":true,"href":"https:\/\/blowstudio.pl\/index.php?rest_route=%2Fwp%2Fv2%2Fcomments&post=33"}],"version-history":[{"count":34,"href":"https:\/\/blowstudio.pl\/index.php?rest_route=\/wp\/v2\/pages\/33\/revisions"}],"predecessor-version":[{"id":895,"href":"https:\/\/blowstudio.pl\/index.php?rest_route=\/wp\/v2\/pages\/33\/revisions\/895"}],"wp:attachment":[{"href":"https:\/\/blowstudio.pl\/index.php?rest_route=%2Fwp%2Fv2%2Fmedia&parent=33"}],"curies":[{"name":"wp","href":"https:\/\/api.w.org\/{rel}","templated":true}]}}