{"id":12,"date":"2019-04-01T08:29:24","date_gmt":"2019-04-01T08:29:24","guid":{"rendered":"https:\/\/demo.cocobasic.com\/pekko-wp\/?page_id=12"},"modified":"2025-08-19T10:42:13","modified_gmt":"2025-08-19T10:42:13","slug":"start","status":"publish","type":"page","link":"https:\/\/blowstudio.pl\/","title":{"rendered":"Start"},"content":{"rendered":"\t\t<div data-elementor-type=\"wp-page\" data-elementor-id=\"12\" class=\"elementor elementor-12\">\n\t\t\t\t\t\t<section class=\"elementor-section elementor-top-section elementor-element elementor-element-443c3eb elementor-section-full_width elementor-section-height-default elementor-section-height-default\" data-id=\"443c3eb\" data-element_type=\"section\">\n\t\t\t\t\t\t<div class=\"elementor-container elementor-column-gap-default\">\n\t\t\t\t\t<div class=\"elementor-column elementor-col-100 elementor-top-column elementor-element elementor-element-37c13da\" data-id=\"37c13da\" data-element_type=\"column\">\n\t\t\t<div class=\"elementor-widget-wrap elementor-element-populated\">\n\t\t\t\t\t\t<div class=\"elementor-element elementor-element-780ea94 elementor-widget elementor-widget-heading\" data-id=\"780ea94\" data-element_type=\"widget\" data-widget_type=\"heading.default\">\n\t\t\t\t<div class=\"elementor-widget-container\">\n\t\t\t\t\t<h2 class=\"elementor-heading-title elementor-size-default\">Sp\u00f3jna komunikacja wizualna zaczyna si\u0119 od strategii.<\/h2>\t\t\t\t<\/div>\n\t\t\t\t<\/div>\n\t\t\t\t<div class=\"elementor-element elementor-element-0383b46 elementor-widget__width-inherit elementor-widget elementor-widget-heading\" data-id=\"0383b46\" data-element_type=\"widget\" data-widget_type=\"heading.default\">\n\t\t\t\t<div class=\"elementor-widget-container\">\n\t\t\t\t\t<h2 class=\"elementor-heading-title elementor-size-default\">Poznaj proces, dzi\u0119ki kt\u00f3remu Twoja marka b\u0119dzie m\u00f3wi\u0107 jednym, wyrazistym j\u0119zykiem na ka\u017cdej p\u0142aszczy\u017anie.<\/h2>\t\t\t\t<\/div>\n\t\t\t\t<\/div>\n\t\t\t\t<div class=\"elementor-element elementor-element-9bbf2f9 elementor-widget elementor-widget-coco-portfolio\" data-id=\"9bbf2f9\" data-element_type=\"widget\" data-widget_type=\"coco-portfolio.default\">\n\t\t\t\t<div class=\"elementor-widget-container\">\n\t\t\t\t\t<div id=\"portfolio-wrapper\"><ul class=\"grid\" id=\"portfolio-grid\"><li class=\"grid-sizer\"><\/li><li id=\"p-item-196\" class=\"grid-item element-item animate p_one_hlaf\"><a class=\"item-link\" href=\"https:\/\/blowstudio.pl\/?portfolio=slider\" data-id=\"196\"><img fetchpriority=\"high\" decoding=\"async\" width=\"435\" height=\"900\" src=\"https:\/\/blowstudio.pl\/wp-content\/uploads\/2019\/04\/fotografia.jpg\" class=\"attachment-post-thumbnail size-post-thumbnail wp-post-image\" alt=\"\" srcset=\"https:\/\/blowstudio.pl\/wp-content\/uploads\/2019\/04\/fotografia.jpg 435w, https:\/\/blowstudio.pl\/wp-content\/uploads\/2019\/04\/fotografia-145x300.jpg 145w\" sizes=\"(max-width: 435px) 100vw, 435px\" \/><div class=\"portfolio-text-holder\"><p class=\"portfolio-title\">PACKSHOTY<\/p><\/div><\/a><\/li><li id=\"p-item-15\" class=\"grid-item element-item animate p_one_hlaf\"><a class=\"item-link\" href=\"https:\/\/blowstudio.pl\/?portfolio=video\" data-id=\"15\"><img decoding=\"async\" width=\"699\" height=\"699\" src=\"https:\/\/blowstudio.pl\/wp-content\/uploads\/2019\/03\/branding_4.jpg\" class=\"attachment-post-thumbnail size-post-thumbnail wp-post-image\" alt=\"\" srcset=\"https:\/\/blowstudio.pl\/wp-content\/uploads\/2019\/03\/branding_4.jpg 699w, https:\/\/blowstudio.pl\/wp-content\/uploads\/2019\/03\/branding_4-300x300.jpg 300w, https:\/\/blowstudio.pl\/wp-content\/uploads\/2019\/03\/branding_4-150x150.jpg 150w\" sizes=\"(max-width: 699px) 100vw, 699px\" \/><div class=\"portfolio-text-holder\"><p class=\"portfolio-title\">BRANDING<\/p><\/div><\/a><\/li><li id=\"p-item-17\" class=\"grid-item element-item animate p_one_hlaf\"><a class=\"item-link\" href=\"https:\/\/blowstudio.pl\/?portfolio=presentation\" data-id=\"17\"><img decoding=\"async\" width=\"699\" height=\"699\" src=\"https:\/\/blowstudio.pl\/wp-content\/uploads\/2019\/03\/prez_1.jpg\" class=\"attachment-post-thumbnail size-post-thumbnail wp-post-image\" alt=\"\" srcset=\"https:\/\/blowstudio.pl\/wp-content\/uploads\/2019\/03\/prez_1.jpg 699w, https:\/\/blowstudio.pl\/wp-content\/uploads\/2019\/03\/prez_1-300x300.jpg 300w, https:\/\/blowstudio.pl\/wp-content\/uploads\/2019\/03\/prez_1-150x150.jpg 150w\" sizes=\"(max-width: 699px) 100vw, 699px\" \/><div class=\"portfolio-text-holder\"><p class=\"portfolio-title\">PREZENTACJE<\/p><\/div><\/a><\/li><li id=\"p-item-19\" class=\"grid-item element-item animate p_one\"><a class=\"item-link\" href=\"https:\/\/blowstudio.pl\/?portfolio=cgi\" data-id=\"19\"><img loading=\"lazy\" decoding=\"async\" width=\"900\" height=\"435\" src=\"https:\/\/blowstudio.pl\/wp-content\/uploads\/2019\/03\/cgi_1.1.jpg\" class=\"attachment-post-thumbnail size-post-thumbnail wp-post-image\" alt=\"\" srcset=\"https:\/\/blowstudio.pl\/wp-content\/uploads\/2019\/03\/cgi_1.1.jpg 900w, https:\/\/blowstudio.pl\/wp-content\/uploads\/2019\/03\/cgi_1.1-300x145.jpg 300w, https:\/\/blowstudio.pl\/wp-content\/uploads\/2019\/03\/cgi_1.1-768x371.jpg 768w\" sizes=\"(max-width: 900px) 100vw, 900px\" \/><div class=\"portfolio-text-holder\"><p class=\"portfolio-title\">ANIMACJA 3D<\/p><\/div><\/a><\/li><\/ul><div class=\"clear\"><\/div><\/div><div class = \"block center-relative center-text more-posts-portfolio-holder button\"><span class = \"more-posts-portfolio\">POKA\u017b WI\u0118CEJ<\/span><span class = \"more-posts-portfolio-loading\">POKA\u017b WI\u0118CEJ<\/span><span class = \"no-more-posts-portfolio\">POKA\u017b WI\u0118CEJ<\/span><\/div>\t\t\t\t<\/div>\n\t\t\t\t<\/div>\n\t\t\t\t\t<\/div>\n\t\t<\/div>\n\t\t\t\t\t<\/div>\n\t\t<\/section>\n\t\t\t\t<section class=\"elementor-section elementor-top-section elementor-element elementor-element-eaba2e7 elementor-section-full_width elementor-hidden-desktop elementor-hidden-tablet elementor-hidden-mobile elementor-section-height-default elementor-section-height-default\" data-id=\"eaba2e7\" data-element_type=\"section\" data-settings=\"{&quot;animation_mobile&quot;:&quot;fadeIn&quot;}\">\n\t\t\t\t\t\t<div class=\"elementor-container elementor-column-gap-default\">\n\t\t\t\t\t<div class=\"elementor-column elementor-col-100 elementor-top-column elementor-element elementor-element-fe2df80\" data-id=\"fe2df80\" data-element_type=\"column\">\n\t\t\t<div class=\"elementor-widget-wrap elementor-element-populated\">\n\t\t\t\t\t\t<div class=\"elementor-element elementor-element-f372ebc elementor-widget elementor-widget-heading\" data-id=\"f372ebc\" data-element_type=\"widget\" data-widget_type=\"heading.default\">\n\t\t\t\t<div class=\"elementor-widget-container\">\n\t\t\t\t\t<h2 class=\"elementor-heading-title elementor-size-default\">Sp\u00f3jna komunikacja wizualna zaczyna si\u0119 od strategii.<\/h2>\t\t\t\t<\/div>\n\t\t\t\t<\/div>\n\t\t\t\t<div class=\"elementor-element elementor-element-12d31a3 elementor-widget__width-inherit elementor-widget elementor-widget-heading\" data-id=\"12d31a3\" data-element_type=\"widget\" data-widget_type=\"heading.default\">\n\t\t\t\t<div class=\"elementor-widget-container\">\n\t\t\t\t\t<h2 class=\"elementor-heading-title elementor-size-default\">Poznaj proces, dzi\u0119ki kt\u00f3remu Twoja marka b\u0119dzie m\u00f3wi\u0107 jednym, wyrazistym j\u0119zykiem na ka\u017cdej p\u0142aszczy\u017anie.<\/h2>\t\t\t\t<\/div>\n\t\t\t\t<\/div>\n\t\t\t\t<div class=\"elementor-element elementor-element-85afc19 elementor-widget elementor-widget-image\" data-id=\"85afc19\" data-element_type=\"widget\" data-widget_type=\"image.default\">\n\t\t\t\t<div class=\"elementor-widget-container\">\n\t\t\t\t\t\t\t\t\t\t\t\t\t\t\t\t<a href=\"https:\/\/blowstudio.pl\/?portfolio=slider\">\n\t\t\t\t\t\t\t<img loading=\"lazy\" decoding=\"async\" width=\"600\" height=\"600\" src=\"https:\/\/blowstudio.pl\/wp-content\/uploads\/2025\/05\/mob_packshot.jpg\" class=\"attachment-large size-large wp-image-580\" alt=\"\" srcset=\"https:\/\/blowstudio.pl\/wp-content\/uploads\/2025\/05\/mob_packshot.jpg 600w, https:\/\/blowstudio.pl\/wp-content\/uploads\/2025\/05\/mob_packshot-300x300.jpg 300w, https:\/\/blowstudio.pl\/wp-content\/uploads\/2025\/05\/mob_packshot-150x150.jpg 150w\" sizes=\"(max-width: 600px) 100vw, 600px\" \/>\t\t\t\t\t\t\t\t<\/a>\n\t\t\t\t\t\t\t\t\t\t\t\t\t\t\t<\/div>\n\t\t\t\t<\/div>\n\t\t\t\t<div class=\"elementor-element elementor-element-81d0099 xpro-widget-bg-overlay elementor-widget elementor-widget-image\" data-id=\"81d0099\" data-element_type=\"widget\" data-settings=\"{&quot;xpro_elementor_floating_fx&quot;:&quot;yes&quot;,&quot;xpro_elementor_floating_fx_scale_toggle&quot;:&quot;yes&quot;,&quot;xpro_elementor_floating_fx_scale_x&quot;:{&quot;unit&quot;:&quot;px&quot;,&quot;size&quot;:&quot;&quot;,&quot;sizes&quot;:{&quot;from&quot;:1,&quot;to&quot;:1}},&quot;xpro_elementor_floating_fx_scale_y&quot;:{&quot;unit&quot;:&quot;px&quot;,&quot;size&quot;:&quot;&quot;,&quot;sizes&quot;:{&quot;from&quot;:1,&quot;to&quot;:1}},&quot;xpro_elementor_floating_fx_scale_duration&quot;:{&quot;unit&quot;:&quot;px&quot;,&quot;size&quot;:1000,&quot;sizes&quot;:[]},&quot;xpro_elementor_floating_fx_scale_delay&quot;:{&quot;unit&quot;:&quot;px&quot;,&quot;size&quot;:&quot;&quot;,&quot;sizes&quot;:[]}}\" data-widget_type=\"image.default\">\n\t\t\t\t<div class=\"elementor-widget-container\">\n\t\t\t\t\t\t\t\t\t\t\t\t\t\t\t\t<a href=\"https:\/\/blowstudio.pl\/?portfolio=slider\">\n\t\t\t\t\t\t\t<img loading=\"lazy\" decoding=\"async\" width=\"600\" height=\"600\" src=\"https:\/\/blowstudio.pl\/wp-content\/uploads\/2025\/05\/mob_branding.jpg\" class=\"attachment-large size-large wp-image-579\" alt=\"\" srcset=\"https:\/\/blowstudio.pl\/wp-content\/uploads\/2025\/05\/mob_branding.jpg 600w, https:\/\/blowstudio.pl\/wp-content\/uploads\/2025\/05\/mob_branding-300x300.jpg 300w, https:\/\/blowstudio.pl\/wp-content\/uploads\/2025\/05\/mob_branding-150x150.jpg 150w\" sizes=\"(max-width: 600px) 100vw, 600px\" \/>\t\t\t\t\t\t\t\t<\/a>\n\t\t\t\t\t\t\t\t\t\t\t\t\t\t\t<\/div>\n\t\t\t\t<\/div>\n\t\t\t\t<div class=\"elementor-element elementor-element-84006e7 elementor-widget elementor-widget-image\" data-id=\"84006e7\" data-element_type=\"widget\" data-widget_type=\"image.default\">\n\t\t\t\t<div class=\"elementor-widget-container\">\n\t\t\t\t\t\t\t\t\t\t\t\t\t\t\t\t<a href=\"https:\/\/blowstudio.pl\/?portfolio=slider\">\n\t\t\t\t\t\t\t<img loading=\"lazy\" decoding=\"async\" width=\"600\" height=\"600\" src=\"https:\/\/blowstudio.pl\/wp-content\/uploads\/2025\/05\/mob_prezentacje.jpg\" class=\"attachment-large size-large wp-image-577\" alt=\"\" srcset=\"https:\/\/blowstudio.pl\/wp-content\/uploads\/2025\/05\/mob_prezentacje.jpg 600w, https:\/\/blowstudio.pl\/wp-content\/uploads\/2025\/05\/mob_prezentacje-300x300.jpg 300w, https:\/\/blowstudio.pl\/wp-content\/uploads\/2025\/05\/mob_prezentacje-150x150.jpg 150w\" sizes=\"(max-width: 600px) 100vw, 600px\" \/>\t\t\t\t\t\t\t\t<\/a>\n\t\t\t\t\t\t\t\t\t\t\t\t\t\t\t<\/div>\n\t\t\t\t<\/div>\n\t\t\t\t<div class=\"elementor-element elementor-element-1d37802 elementor-widget elementor-widget-image\" data-id=\"1d37802\" data-element_type=\"widget\" data-widget_type=\"image.default\">\n\t\t\t\t<div class=\"elementor-widget-container\">\n\t\t\t\t\t\t\t\t\t\t\t\t\t\t\t\t<a href=\"https:\/\/blowstudio.pl\/?portfolio=slider\">\n\t\t\t\t\t\t\t<img loading=\"lazy\" decoding=\"async\" width=\"600\" height=\"600\" src=\"https:\/\/blowstudio.pl\/wp-content\/uploads\/2025\/05\/mob_animacja.jpg\" class=\"attachment-large size-large wp-image-578\" alt=\"\" srcset=\"https:\/\/blowstudio.pl\/wp-content\/uploads\/2025\/05\/mob_animacja.jpg 600w, https:\/\/blowstudio.pl\/wp-content\/uploads\/2025\/05\/mob_animacja-300x300.jpg 300w, https:\/\/blowstudio.pl\/wp-content\/uploads\/2025\/05\/mob_animacja-150x150.jpg 150w\" sizes=\"(max-width: 600px) 100vw, 600px\" \/>\t\t\t\t\t\t\t\t<\/a>\n\t\t\t\t\t\t\t\t\t\t\t\t\t\t\t<\/div>\n\t\t\t\t<\/div>\n\t\t\t\t\t<\/div>\n\t\t<\/div>\n\t\t\t\t\t<\/div>\n\t\t<\/section>\n\t\t\t\t<section class=\"elementor-section elementor-top-section elementor-element elementor-element-7973aec0 elementor-section-boxed elementor-section-height-default elementor-section-height-default\" data-id=\"7973aec0\" data-element_type=\"section\">\n\t\t\t\t\t\t<div class=\"elementor-container elementor-column-gap-default\">\n\t\t\t\t\t<div class=\"elementor-column elementor-col-100 elementor-top-column elementor-element elementor-element-3ea0845e\" data-id=\"3ea0845e\" data-element_type=\"column\">\n\t\t\t<div class=\"elementor-widget-wrap elementor-element-populated\">\n\t\t\t\t<div class=\"elementor-element elementor-element-5b206273 e-flex e-con-boxed e-con e-parent\" data-id=\"5b206273\" data-element_type=\"container\">\n\t\t\t\t\t<div class=\"e-con-inner\">\n\t\t\t\t<div class=\"elementor-element elementor-element-60c7df8f elementor-align-justify elementor-hidden-tablet elementor-hidden-mobile elementor-widget elementor-widget-button\" data-id=\"60c7df8f\" data-element_type=\"widget\" data-widget_type=\"button.default\">\n\t\t\t\t<div class=\"elementor-widget-container\">\n\t\t\t\t\t\t\t\t\t<div class=\"elementor-button-wrapper\">\n\t\t\t\t\t<a class=\"elementor-button elementor-button-link elementor-size-sm\" href=\"https:\/\/blowstudio.pl\/?page_id=69\">\n\t\t\t\t\t\t<span class=\"elementor-button-content-wrapper\">\n\t\t\t\t\t\t\t\t\t<span class=\"elementor-button-text\">NAPISZ DO NAS<\/span>\n\t\t\t\t\t<\/span>\n\t\t\t\t\t<\/a>\n\t\t\t\t<\/div>\n\t\t\t\t\t\t\t\t<\/div>\n\t\t\t\t<\/div>\n\t\t\t\t<div class=\"elementor-element elementor-element-6b268920 elementor-align-justify elementor-hidden-desktop elementor-widget elementor-widget-button\" data-id=\"6b268920\" data-element_type=\"widget\" data-widget_type=\"button.default\">\n\t\t\t\t<div class=\"elementor-widget-container\">\n\t\t\t\t\t\t\t\t\t<div class=\"elementor-button-wrapper\">\n\t\t\t\t\t<a class=\"elementor-button elementor-button-link elementor-size-sm\" href=\"https:\/\/blowstudio.pl\/?page_id=69\">\n\t\t\t\t\t\t<span class=\"elementor-button-content-wrapper\">\n\t\t\t\t\t\t\t\t\t<span class=\"elementor-button-text\">NAPISZ DO NAS<\/span>\n\t\t\t\t\t<\/span>\n\t\t\t\t\t<\/a>\n\t\t\t\t<\/div>\n\t\t\t\t\t\t\t\t<\/div>\n\t\t\t\t<\/div>\n\t\t\t\t\t<\/div>\n\t\t\t\t<\/div>\n\t\t\t\t\t<\/div>\n\t\t<\/div>\n\t\t\t\t\t<\/div>\n\t\t<\/section>\n\t\t\t\t<section class=\"elementor-section elementor-top-section elementor-element elementor-element-e3e17e0 elementor-section-boxed elementor-section-height-default elementor-section-height-default\" data-id=\"e3e17e0\" data-element_type=\"section\">\n\t\t\t\t\t\t<div class=\"elementor-container elementor-column-gap-default\">\n\t\t\t\t\t<div class=\"elementor-column elementor-col-100 elementor-top-column elementor-element elementor-element-1e2b2a41\" data-id=\"1e2b2a41\" data-element_type=\"column\">\n\t\t\t<div class=\"elementor-widget-wrap elementor-element-populated\">\n\t\t\t\t\t\t<div class=\"elementor-element elementor-element-5a704fe7 elementor-widget elementor-widget-text-editor\" data-id=\"5a704fe7\" data-element_type=\"widget\" data-widget_type=\"text-editor.default\">\n\t\t\t\t<div class=\"elementor-widget-container\">\n\t\t\t\t\t\t\t\t\t<p><span style=\"color: #000000;\">\u00a9 2025 &#8211; Blow Studio. wszelkie prawa zastrze\u017cone.<\/span><\/p>\t\t\t\t\t\t\t\t<\/div>\n\t\t\t\t<\/div>\n\t\t\t\t\t<\/div>\n\t\t<\/div>\n\t\t\t\t\t<\/div>\n\t\t<\/section>\n\t\t\t\t<\/div>\n\t\t","protected":false},"excerpt":{"rendered":"<p>Sp\u00f3jna komunikacja wizualna zaczyna si\u0119 od strategii. Poznaj proces, dzi\u0119ki kt\u00f3remu Twoja marka b\u0119dzie m\u00f3wi\u0107 jednym, wyrazistym j\u0119zykiem na ka\u017cdej p\u0142aszczy\u017anie. PACKSHOTY BRANDING PREZENTACJE ANIMACJA 3D POKA\u017b WI\u0118CEJPOKA\u017b WI\u0118CEJPOKA\u017b WI\u0118CEJ Sp\u00f3jna komunikacja wizualna zaczyna si\u0119 od strategii. Poznaj proces, dzi\u0119ki kt\u00f3remu Twoja marka b\u0119dzie m\u00f3wi\u0107 jednym, wyrazistym j\u0119zykiem na ka\u017cdej p\u0142aszczy\u017anie. NAPISZ DO NAS NAPISZ [&hellip;]<\/p>\n","protected":false},"author":1,"featured_media":0,"parent":0,"menu_order":0,"comment_status":"closed","ping_status":"closed","template":"","meta":{"footnotes":""},"class_list":["post-12","page","type-page","status-publish","hentry"],"_links":{"self":[{"href":"https:\/\/blowstudio.pl\/index.php?rest_route=\/wp\/v2\/pages\/12","targetHints":{"allow":["GET"]}}],"collection":[{"href":"https:\/\/blowstudio.pl\/index.php?rest_route=\/wp\/v2\/pages"}],"about":[{"href":"https:\/\/blowstudio.pl\/index.php?rest_route=\/wp\/v2\/types\/page"}],"author":[{"embeddable":true,"href":"https:\/\/blowstudio.pl\/index.php?rest_route=\/wp\/v2\/users\/1"}],"replies":[{"embeddable":true,"href":"https:\/\/blowstudio.pl\/index.php?rest_route=%2Fwp%2Fv2%2Fcomments&post=12"}],"version-history":[{"count":99,"href":"https:\/\/blowstudio.pl\/index.php?rest_route=\/wp\/v2\/pages\/12\/revisions"}],"predecessor-version":[{"id":913,"href":"https:\/\/blowstudio.pl\/index.php?rest_route=\/wp\/v2\/pages\/12\/revisions\/913"}],"wp:attachment":[{"href":"https:\/\/blowstudio.pl\/index.php?rest_route=%2Fwp%2Fv2%2Fmedia&parent=12"}],"curies":[{"name":"wp","href":"https:\/\/api.w.org\/{rel}","templated":true}]}}